{"id":2148,"date":"2019-01-24T09:52:13","date_gmt":"2019-01-24T09:52:13","guid":{"rendered":"https:\/\/apostrof.coop\/nosaltres\/"},"modified":"2020-10-21T08:58:36","modified_gmt":"2020-10-21T08:58:36","slug":"nosotras","status":"publish","type":"page","link":"https:\/\/apostrof.coop\/es\/nosotras\/","title":{"rendered":"Nosotras"},"content":{"rendered":"<div class=\"wpb-content-wrapper\"><p>[vc_row][vc_column offset=\u00bbvc_col-lg-6 vc_col-md-8 vc_col-xs-12&#8243;][vc_column_text]Somos dise\u00f1adoras, ling\u00fcistas, periodistas, programadoras y docentes que trabajamos en equipo para hacer proyectos de comunicaci\u00f3n social y creativa.<\/p>\n<p>Nos gustan los retos y nos dejamos la piel en lo que hacemos. Somos artesanas de la comunicaci\u00f3n y estamos convencidas de que, cuando los distintos lenguajes se combinan \u2013la escritura, el dise\u00f1o, el arte, la programaci\u00f3n\u2026\u2013, los resultados son sorprendentes.<\/p>\n<p>Ya hace m\u00e1s de veinte a\u00f1os que hacemos posible este proyecto de cooperativa sin \u00e1nimo de lucro y autogestionada. Nos gusta aprender en todo lo que hacemos y practicar los valores cooperativos de ayuda mutua, responsabilidad, democracia, igualdad, equidad y solidaridad.<\/p>\n<p><a href=\"https:\/\/apostrof.coop\/es\/#cooperativa-comunicacio\">\u00bfQuieres saber c\u00f3mo trabajamos?<\/a>[\/vc_column_text][vc_empty_space height=\u00bb100px\u00bb][vc_single_image image=\u00bb37&#8243; img_size=\u00bbfull\u00bb][vc_empty_space height=\u00bb100px\u00bb][vc_column_text]Casp 43, bajos.<br \/>\n08010 Barcelona<\/p>\n<p>info@apostrof.coop<br \/>\nT (34) 93 342 93 66[\/vc_column_text][\/vc_column][vc_column offset=\u00bbvc_col-lg-offset-2 vc_col-lg-3 vc_col-md-offset-2 vc_col-md-4 vc_col-xs-12&#8243;][apo_team][\/vc_column][\/vc_row]<\/p>\n<\/div>","protected":false},"excerpt":{"rendered":"<p>[vc_row][vc_column offset=\u00bbvc_col-lg-6 vc_col-md-8 vc_col-xs-12&#8243;][vc_column_text]Somos dise\u00f1adoras, ling\u00fcistas, periodistas, programadoras y docentes que trabajamos en equipo para hacer proyectos de comunicaci\u00f3n social y creativa. Nos gustan los retos y nos dejamos la piel en lo que hacemos. Somos artesanas de la comunicaci\u00f3n y estamos convencidas de que, cuando los distintos lenguajes se combinan \u2013la escritura, el dise\u00f1o, [&hellip;]<\/p>\n","protected":false},"author":3,"featured_media":0,"parent":0,"menu_order":0,"comment_status":"closed","ping_status":"closed","template":"","meta":{"_acf_changed":false,"om_disable_all_campaigns":false,"_monsterinsights_skip_tracking":false,"_monsterinsights_sitenote_active":false,"_monsterinsights_sitenote_note":"","_monsterinsights_sitenote_category":0,"_uf_show_specific_survey":0,"_uf_disable_surveys":false,"footnotes":""},"class_list":["post-2148","page","type-page","status-publish","hentry"],"acf":[],"yoast_head":"<!-- This site is optimized with the Yoast SEO plugin v27.2 - https:\/\/yoast.com\/product\/yoast-seo-wordpress\/ -->\n<title>Nosotras - L&#039;Ap\u00f2strof<\/title>\n<meta name=\"robots\" content=\"index, follow, max-snippet:-1, max-image-preview:large, max-video-preview:-1\" \/>\n<link rel=\"canonical\" href=\"https:\/\/apostrof.coop\/es\/nosotras\/\" \/>\n<meta property=\"og:locale\" content=\"es_ES\" \/>\n<meta property=\"og:type\" content=\"article\" \/>\n<meta property=\"og:title\" content=\"Nosotras - L&#039;Ap\u00f2strof\" \/>\n<meta property=\"og:description\" content=\"[vc_row][vc_column offset=\u00bbvc_col-lg-6 vc_col-md-8 vc_col-xs-12&#8243;][vc_column_text]Somos dise\u00f1adoras, ling\u00fcistas, periodistas, programadoras y docentes que trabajamos en equipo para hacer proyectos de comunicaci\u00f3n social y creativa. Nos gustan los retos y nos dejamos la piel en lo que hacemos. Somos artesanas de la comunicaci\u00f3n y estamos convencidas de que, cuando los distintos lenguajes se combinan \u2013la escritura, el dise\u00f1o, [&hellip;]\" \/>\n<meta property=\"og:url\" content=\"https:\/\/apostrof.coop\/es\/nosotras\/\" \/>\n<meta property=\"og:site_name\" content=\"L&#039;Ap\u00f2strof\" \/>\n<meta property=\"article:publisher\" content=\"https:\/\/www.facebook.com\/apostrofcooperativa\/\" \/>\n<meta property=\"article:modified_time\" content=\"2020-10-21T08:58:36+00:00\" \/>\n<meta name=\"twitter:card\" content=\"summary_large_image\" \/>\n<meta name=\"twitter:site\" content=\"@apostrof_coop\" \/>\n<meta name=\"twitter:label1\" content=\"Tiempo de lectura\" \/>\n\t<meta name=\"twitter:data1\" content=\"1 minuto\" \/>\n<script type=\"application\/ld+json\" class=\"yoast-schema-graph\">{\"@context\":\"https:\/\/schema.org\",\"@graph\":[{\"@type\":\"WebPage\",\"@id\":\"https:\/\/apostrof.coop\/es\/nosotras\/\",\"url\":\"https:\/\/apostrof.coop\/es\/nosotras\/\",\"name\":\"Nosotras - L&#039;Ap\u00f2strof\",\"isPartOf\":{\"@id\":\"https:\/\/apostrof.coop\/es\/#website\"},\"datePublished\":\"2019-01-24T09:52:13+00:00\",\"dateModified\":\"2020-10-21T08:58:36+00:00\",\"breadcrumb\":{\"@id\":\"https:\/\/apostrof.coop\/es\/nosotras\/#breadcrumb\"},\"inLanguage\":\"es\",\"potentialAction\":[{\"@type\":\"ReadAction\",\"target\":[\"https:\/\/apostrof.coop\/es\/nosotras\/\"]}]},{\"@type\":\"BreadcrumbList\",\"@id\":\"https:\/\/apostrof.coop\/es\/nosotras\/#breadcrumb\",\"itemListElement\":[{\"@type\":\"ListItem\",\"position\":1,\"name\":\"Inici\",\"item\":\"https:\/\/apostrof.coop\/\"},{\"@type\":\"ListItem\",\"position\":2,\"name\":\"Nosotras\"}]},{\"@type\":\"WebSite\",\"@id\":\"https:\/\/apostrof.coop\/es\/#website\",\"url\":\"https:\/\/apostrof.coop\/es\/\",\"name\":\"L&#039;Ap\u00f2strof\",\"description\":\"Cooperativa de comunicaci\u00f3\",\"publisher\":{\"@id\":\"https:\/\/apostrof.coop\/es\/#organization\"},\"potentialAction\":[{\"@type\":\"SearchAction\",\"target\":{\"@type\":\"EntryPoint\",\"urlTemplate\":\"https:\/\/apostrof.coop\/es\/?s={search_term_string}\"},\"query-input\":{\"@type\":\"PropertyValueSpecification\",\"valueRequired\":true,\"valueName\":\"search_term_string\"}}],\"inLanguage\":\"es\"},{\"@type\":\"Organization\",\"@id\":\"https:\/\/apostrof.coop\/es\/#organization\",\"name\":\"L'Ap\u00f2strof, SCCL\",\"url\":\"https:\/\/apostrof.coop\/es\/\",\"logo\":{\"@type\":\"ImageObject\",\"inLanguage\":\"es\",\"@id\":\"https:\/\/apostrof.coop\/es\/#\/schema\/logo\/image\/\",\"url\":\"https:\/\/apostrof.coop\/wp-content\/uploads\/2019\/05\/logo_rodo.png\",\"contentUrl\":\"https:\/\/apostrof.coop\/wp-content\/uploads\/2019\/05\/logo_rodo.png\",\"width\":400,\"height\":400,\"caption\":\"L'Ap\u00f2strof, SCCL\"},\"image\":{\"@id\":\"https:\/\/apostrof.coop\/es\/#\/schema\/logo\/image\/\"},\"sameAs\":[\"https:\/\/www.facebook.com\/apostrofcooperativa\/\",\"https:\/\/x.com\/apostrof_coop\",\"https:\/\/www.instagram.com\/apostrof.coop\/\",\"https:\/\/www.linkedin.com\/company\/l'ap-strof-sccl\"]}]}<\/script>\n<!-- \/ Yoast SEO plugin. -->","yoast_head_json":{"title":"Nosotras - L&#039;Ap\u00f2strof","robots":{"index":"index","follow":"follow","max-snippet":"max-snippet:-1","max-image-preview":"max-image-preview:large","max-video-preview":"max-video-preview:-1"},"canonical":"https:\/\/apostrof.coop\/es\/nosotras\/","og_locale":"es_ES","og_type":"article","og_title":"Nosotras - L&#039;Ap\u00f2strof","og_description":"[vc_row][vc_column offset=\u00bbvc_col-lg-6 vc_col-md-8 vc_col-xs-12&#8243;][vc_column_text]Somos dise\u00f1adoras, ling\u00fcistas, periodistas, programadoras y docentes que trabajamos en equipo para hacer proyectos de comunicaci\u00f3n social y creativa. Nos gustan los retos y nos dejamos la piel en lo que hacemos. Somos artesanas de la comunicaci\u00f3n y estamos convencidas de que, cuando los distintos lenguajes se combinan \u2013la escritura, el dise\u00f1o, [&hellip;]","og_url":"https:\/\/apostrof.coop\/es\/nosotras\/","og_site_name":"L&#039;Ap\u00f2strof","article_publisher":"https:\/\/www.facebook.com\/apostrofcooperativa\/","article_modified_time":"2020-10-21T08:58:36+00:00","twitter_card":"summary_large_image","twitter_site":"@apostrof_coop","twitter_misc":{"Tiempo de lectura":"1 minuto"},"schema":{"@context":"https:\/\/schema.org","@graph":[{"@type":"WebPage","@id":"https:\/\/apostrof.coop\/es\/nosotras\/","url":"https:\/\/apostrof.coop\/es\/nosotras\/","name":"Nosotras - L&#039;Ap\u00f2strof","isPartOf":{"@id":"https:\/\/apostrof.coop\/es\/#website"},"datePublished":"2019-01-24T09:52:13+00:00","dateModified":"2020-10-21T08:58:36+00:00","breadcrumb":{"@id":"https:\/\/apostrof.coop\/es\/nosotras\/#breadcrumb"},"inLanguage":"es","potentialAction":[{"@type":"ReadAction","target":["https:\/\/apostrof.coop\/es\/nosotras\/"]}]},{"@type":"BreadcrumbList","@id":"https:\/\/apostrof.coop\/es\/nosotras\/#breadcrumb","itemListElement":[{"@type":"ListItem","position":1,"name":"Inici","item":"https:\/\/apostrof.coop\/"},{"@type":"ListItem","position":2,"name":"Nosotras"}]},{"@type":"WebSite","@id":"https:\/\/apostrof.coop\/es\/#website","url":"https:\/\/apostrof.coop\/es\/","name":"L&#039;Ap\u00f2strof","description":"Cooperativa de comunicaci\u00f3","publisher":{"@id":"https:\/\/apostrof.coop\/es\/#organization"},"potentialAction":[{"@type":"SearchAction","target":{"@type":"EntryPoint","urlTemplate":"https:\/\/apostrof.coop\/es\/?s={search_term_string}"},"query-input":{"@type":"PropertyValueSpecification","valueRequired":true,"valueName":"search_term_string"}}],"inLanguage":"es"},{"@type":"Organization","@id":"https:\/\/apostrof.coop\/es\/#organization","name":"L'Ap\u00f2strof, SCCL","url":"https:\/\/apostrof.coop\/es\/","logo":{"@type":"ImageObject","inLanguage":"es","@id":"https:\/\/apostrof.coop\/es\/#\/schema\/logo\/image\/","url":"https:\/\/apostrof.coop\/wp-content\/uploads\/2019\/05\/logo_rodo.png","contentUrl":"https:\/\/apostrof.coop\/wp-content\/uploads\/2019\/05\/logo_rodo.png","width":400,"height":400,"caption":"L'Ap\u00f2strof, SCCL"},"image":{"@id":"https:\/\/apostrof.coop\/es\/#\/schema\/logo\/image\/"},"sameAs":["https:\/\/www.facebook.com\/apostrofcooperativa\/","https:\/\/x.com\/apostrof_coop","https:\/\/www.instagram.com\/apostrof.coop\/","https:\/\/www.linkedin.com\/company\/l'ap-strof-sccl"]}]}},"_links":{"self":[{"href":"https:\/\/apostrof.coop\/es\/wp-json\/wp\/v2\/pages\/2148","targetHints":{"allow":["GET"]}}],"collection":[{"href":"https:\/\/apostrof.coop\/es\/wp-json\/wp\/v2\/pages"}],"about":[{"href":"https:\/\/apostrof.coop\/es\/wp-json\/wp\/v2\/types\/page"}],"author":[{"embeddable":true,"href":"https:\/\/apostrof.coop\/es\/wp-json\/wp\/v2\/users\/3"}],"replies":[{"embeddable":true,"href":"https:\/\/apostrof.coop\/es\/wp-json\/wp\/v2\/comments?post=2148"}],"version-history":[{"count":11,"href":"https:\/\/apostrof.coop\/es\/wp-json\/wp\/v2\/pages\/2148\/revisions"}],"predecessor-version":[{"id":3022,"href":"https:\/\/apostrof.coop\/es\/wp-json\/wp\/v2\/pages\/2148\/revisions\/3022"}],"wp:attachment":[{"href":"https:\/\/apostrof.coop\/es\/wp-json\/wp\/v2\/media?parent=2148"}],"curies":[{"name":"wp","href":"https:\/\/api.w.org\/{rel}","templated":true}]}}